{"id":140,"date":"2026-04-28T20:24:53","date_gmt":"2026-04-28T23:24:53","guid":{"rendered":"http:\/\/robertogalliera.com\/?page_id=140"},"modified":"2026-04-28T20:41:29","modified_gmt":"2026-04-28T23:41:29","slug":"oportunidade-3","status":"publish","type":"page","link":"https:\/\/robertogalliera.com\/?page_id=140","title":{"rendered":"Oportunidade 3"},"content":{"rendered":"\n<figure class=\"wp-block-image aligncenter size-full is-resized has-custom-border is-style-default\"><img decoding=\"async\" width=\"1024\" height=\"1024\" src=\"http:\/\/robertogalliera.com\/wp-content\/uploads\/2026\/04\/Empresa_logistica_ativo_202604221401-1.jpeg\" alt=\"\" class=\"wp-image-102\" style=\"border-top-left-radius:10px;border-top-right-radius:10px;border-bottom-left-radius:10px;border-bottom-right-radius:10px;width:468px;height:auto\" srcset=\"https:\/\/robertogalliera.com\/wp-content\/uploads\/2026\/04\/Empresa_logistica_ativo_202604221401-1.jpeg 1024w, https:\/\/robertogalliera.com\/wp-content\/uploads\/2026\/04\/Empresa_logistica_ativo_202604221401-1-300x300.jpeg 300w, https:\/\/robertogalliera.com\/wp-content\/uploads\/2026\/04\/Empresa_logistica_ativo_202604221401-1-150x150.jpeg 150w, https:\/\/robertogalliera.com\/wp-content\/uploads\/2026\/04\/Empresa_logistica_ativo_202604221401-1-768x768.jpeg 768w\" sizes=\"(max-width: 1024px) 100vw, 1024px\" \/><\/figure>\n\n\n\n<h2 class=\"wp-block-heading has-text-align-center has-xx-large-font-size\"><mark style=\"background-color:rgba(0, 0, 0, 0);color:#fff\" class=\"has-inline-color\"><strong>Empresa Transportadora:<\/strong><\/mark><br><strong>Log\u00edstica de Safras (Agro-Strategic)<\/strong><\/h2>\n\n\n\n<div class=\"wp-block-columns alignfull is-layout-flex wp-container-core-columns-is-layout-28f84493 wp-block-columns-is-layout-flex\">\n<div class=\"wp-block-column is-layout-flow wp-block-column-is-layout-flow\" style=\"flex-basis:25%\"><\/div>\n\n\n\n<div class=\"wp-block-column is-layout-flow wp-block-column-is-layout-flow\" style=\"flex-basis:50%\">\n<p class=\"has-text-align-center has-large-font-size\"><mark style=\"background-color:rgba(0, 0, 0, 0);color:#fff\" class=\"has-inline-color\">Efici\u00eancia em Fluxo de Commodities e Intelig\u00eancia de Malha. Oportunidade Exclusiva no Brasil.<\/mark><\/p>\n<\/div>\n\n\n\n<div class=\"wp-block-column is-layout-flow wp-block-column-is-layout-flow\" style=\"flex-basis:25%\"><\/div>\n<\/div>\n\n\n\n<hr class=\"wp-block-separator has-text-color has-contrast-color has-alpha-channel-opacity has-contrast-background-color has-background is-style-wide\" style=\"margin-top:var(--wp--preset--spacing--70);margin-bottom:var(--wp--preset--spacing--70)\"\/>\n\n\n\n<div class=\"wp-block-columns alignfull has-transparent-background-color has-background is-layout-flex wp-container-core-columns-is-layout-28f84493 wp-block-columns-is-layout-flex\">\n<div class=\"wp-block-column is-layout-flow wp-block-column-is-layout-flow\" style=\"flex-basis:25%\"><\/div>\n\n\n\n<div class=\"wp-block-column is-layout-flow wp-block-column-is-layout-flow\" style=\"flex-basis:50%\">\n<p><mark style=\"background-color:rgba(0, 0, 0, 0);color:#fff\" class=\"has-inline-color\">Fundada em 1978, a empresa \u00e9 um pilar log\u00edstico no escoamento de safras (laranja, a\u00e7\u00facar, gr\u00e3os e fertilizantes). Opera\u00e7\u00e3o com sa\u00fade financeira impec\u00e1vel, sem inadimpl\u00eancia ou d\u00e9bitos fiscais, conectando os maiores produtores do Brasil aos principais terminais e ind\u00fastrias.<\/mark><\/p>\n\n\n\n<ul class=\"wp-block-list has-base-color has-text-color has-link-color wp-elements-ede5d6eb122f27c13603a8b70e94d312\">\n<li><strong>Opera\u00e7\u00e3o S\u00f3lida:<\/strong> Portf\u00f3lio de clientes composto por gigantes globais (LDC, Cutrale, ICL, Citrosuco, JF Citrus). Fluxo de caixa resiliente e ancorado no setor mais forte da economia nacional, com contratos de longo prazo.<br><\/li>\n\n\n\n<li><strong>Capacidade de Execu\u00e7\u00e3o:<\/strong> Gest\u00e3o automatizada via software de transporte (CT-e, MDF-e, CIOT) integrada a gerenciamento de risco. Infraestrutura completa de suporte com oficina, borracharia e posto de abastecimento pr\u00f3prio dentro da sede.<br><\/li>\n\n\n\n<li><strong>Tese de Sinergia:<\/strong> Alvo estrat\u00e9gico para grandes Tradings ou Fundos de Infraestrutura que buscam verticalizar a log\u00edstica de suprimentos e garantir seguran\u00e7a no fluxo de escoamento da safra SP\/Brasil.<br><\/li>\n\n\n\n<li><strong>Local:<\/strong> S\u00e3o Paulo (Atua\u00e7\u00e3o Regional\/Nacional).<br><\/li>\n\n\n\n<li><strong>Estrutura:<\/strong> 132 Colaboradores | Sede Pr\u00f3pria de 11.553 m\u00b2 | Frota de 65 Caminh\u00f5es (Volvo\/DAF) e 160 Reboques | Patrim\u00f4nio em Ativos de R$ 67 Milh\u00f5es.<br><\/li>\n\n\n\n<li><strong>Valuation:<\/strong> R$ 75 Milh\u00f5es (Valor estimado de mercado pelo fluxo).<br><\/li>\n\n\n\n<li><strong>Expectativa de M&amp;A:<\/strong> R$ 57.000.000,00 (Oportunidade \u00danica: Valor de venda abaixo do patrim\u00f4nio l\u00edquido de R$ 67MM).<\/li>\n<\/ul>\n<\/div>\n\n\n\n<div class=\"wp-block-column is-layout-flow wp-block-column-is-layout-flow\" style=\"flex-basis:25%\"><\/div>\n<\/div>\n\n\n\n<hr class=\"wp-block-separator has-text-color has-contrast-color has-alpha-channel-opacity has-contrast-background-color has-background is-style-wide\" style=\"margin-top:var(--wp--preset--spacing--70);margin-bottom:var(--wp--preset--spacing--70)\"\/>\n\n\n\n<figure class=\"wp-block-image aligncenter size-full is-resized has-custom-border is-style-default\"><img decoding=\"async\" width=\"673\" height=\"540\" src=\"http:\/\/robertogalliera.com\/wp-content\/uploads\/2026\/04\/transportadora-de-safras.jpg\" alt=\"\" class=\"wp-image-151\" style=\"border-top-left-radius:10px;border-top-right-radius:10px;border-bottom-left-radius:10px;border-bottom-right-radius:10px;width:468px;height:auto\" srcset=\"https:\/\/robertogalliera.com\/wp-content\/uploads\/2026\/04\/transportadora-de-safras.jpg 673w, https:\/\/robertogalliera.com\/wp-content\/uploads\/2026\/04\/transportadora-de-safras-300x241.jpg 300w\" sizes=\"(max-width: 673px) 100vw, 673px\" \/><\/figure>\n\n\n\n<p><\/p>\n","protected":false},"excerpt":{"rendered":"<p>Empresa Transportadora:Log\u00edstica de Safras (Agro-Strategic) Efici\u00eancia em Fluxo de Commodities e Intelig\u00eancia de Malha. Oportunidade Exclusiva no Brasil. Fundada em [&hellip;]<\/p>\n","protected":false},"author":1,"featured_media":0,"parent":0,"menu_order":0,"comment_status":"closed","ping_status":"closed","template":"","meta":{"footnotes":""},"class_list":["post-140","page","type-page","status-publish","hentry"],"_links":{"self":[{"href":"https:\/\/robertogalliera.com\/index.php?rest_route=\/wp\/v2\/pages\/140","targetHints":{"allow":["GET"]}}],"collection":[{"href":"https:\/\/robertogalliera.com\/index.php?rest_route=\/wp\/v2\/pages"}],"about":[{"href":"https:\/\/robertogalliera.com\/index.php?rest_route=\/wp\/v2\/types\/page"}],"author":[{"embeddable":true,"href":"https:\/\/robertogalliera.com\/index.php?rest_route=\/wp\/v2\/users\/1"}],"replies":[{"embeddable":true,"href":"https:\/\/robertogalliera.com\/index.php?rest_route=%2Fwp%2Fv2%2Fcomments&post=140"}],"version-history":[{"count":3,"href":"https:\/\/robertogalliera.com\/index.php?rest_route=\/wp\/v2\/pages\/140\/revisions"}],"predecessor-version":[{"id":152,"href":"https:\/\/robertogalliera.com\/index.php?rest_route=\/wp\/v2\/pages\/140\/revisions\/152"}],"wp:attachment":[{"href":"https:\/\/robertogalliera.com\/index.php?rest_route=%2Fwp%2Fv2%2Fmedia&parent=140"}],"curies":[{"name":"wp","href":"https:\/\/api.w.org\/{rel}","templated":true}]}}