{"id":142,"date":"2026-04-28T20:25:15","date_gmt":"2026-04-28T23:25:15","guid":{"rendered":"http:\/\/robertogalliera.com\/?page_id=142"},"modified":"2026-04-28T20:55:37","modified_gmt":"2026-04-28T23:55:37","slug":"oportunidade-4","status":"publish","type":"page","link":"https:\/\/robertogalliera.com\/?page_id=142","title":{"rendered":"Oportunidade 4"},"content":{"rendered":"\n<figure class=\"wp-block-image aligncenter size-full is-resized has-custom-border is-style-default\"><img decoding=\"async\" width=\"1024\" height=\"1024\" src=\"http:\/\/robertogalliera.com\/wp-content\/uploads\/2026\/04\/Empresa_logistica_fusoes_202604221407.jpeg\" alt=\"\" class=\"wp-image-105\" style=\"border-top-left-radius:10px;border-top-right-radius:10px;border-bottom-left-radius:10px;border-bottom-right-radius:10px;width:468px;height:auto\" srcset=\"https:\/\/robertogalliera.com\/wp-content\/uploads\/2026\/04\/Empresa_logistica_fusoes_202604221407.jpeg 1024w, https:\/\/robertogalliera.com\/wp-content\/uploads\/2026\/04\/Empresa_logistica_fusoes_202604221407-300x300.jpeg 300w, https:\/\/robertogalliera.com\/wp-content\/uploads\/2026\/04\/Empresa_logistica_fusoes_202604221407-150x150.jpeg 150w, https:\/\/robertogalliera.com\/wp-content\/uploads\/2026\/04\/Empresa_logistica_fusoes_202604221407-768x768.jpeg 768w\" sizes=\"(max-width: 1024px) 100vw, 1024px\" \/><\/figure>\n\n\n\n<h2 class=\"wp-block-heading has-text-align-center has-xx-large-font-size\"><mark style=\"background-color:rgba(0, 0, 0, 0);color:#fff\" class=\"has-inline-color\"><strong>Empresa Transportadora:<\/strong><\/mark><br><strong>Log\u00edstica de Pesados<\/strong><\/h2>\n\n\n\n<div class=\"wp-block-columns alignfull is-layout-flex wp-container-core-columns-is-layout-28f84493 wp-block-columns-is-layout-flex\">\n<div class=\"wp-block-column is-layout-flow wp-block-column-is-layout-flow\" style=\"flex-basis:25%\"><\/div>\n\n\n\n<div class=\"wp-block-column is-layout-flow wp-block-column-is-layout-flow\" style=\"flex-basis:50%\">\n<p class=\"has-text-align-center has-large-font-size\"><mark style=\"background-color:rgba(0, 0, 0, 0);color:#fff\" class=\"has-inline-color\">Infraestrutura em Movimento e Log\u00edstica de Alta Complexidade.<\/mark><\/p>\n<\/div>\n\n\n\n<div class=\"wp-block-column is-layout-flow wp-block-column-is-layout-flow\" style=\"flex-basis:25%\"><\/div>\n<\/div>\n\n\n\n<hr class=\"wp-block-separator has-text-color has-contrast-color has-alpha-channel-opacity has-contrast-background-color has-background is-style-wide\" style=\"margin-top:var(--wp--preset--spacing--70);margin-bottom:var(--wp--preset--spacing--70)\"\/>\n\n\n\n<div class=\"wp-block-columns alignfull has-transparent-background-color has-background is-layout-flex wp-container-core-columns-is-layout-28f84493 wp-block-columns-is-layout-flex\">\n<div class=\"wp-block-column is-layout-flow wp-block-column-is-layout-flow\" style=\"flex-basis:25%\"><\/div>\n\n\n\n<div class=\"wp-block-column is-layout-flow wp-block-column-is-layout-flow\" style=\"flex-basis:50%\">\n<p><mark style=\"background-color:rgba(0, 0, 0, 0);color:#fff\" class=\"has-inline-color\">Empresa com 35 anos de mercado, especialista no transporte de cargas indivis\u00edveis, excedentes e maquin\u00e1rio superpesado. Atua com destaque no transporte aduaneiro (DTA) em portos e aeroportos, possuindo cobertura securit\u00e1ria de R$ 35 milh\u00f5es junto \u00e0 Receita Federal.<\/mark><\/p>\n\n\n\n<ul class=\"wp-block-list has-base-color has-text-color has-link-color wp-elements-25abdc8e8158c7f6c7322f7fab96668c\">\n<li><strong>Opera\u00e7\u00e3o S\u00f3lida:<\/strong> Sem inadimpl\u00eancia ou d\u00e9bitos fiscais. Atende grandes players como Gerdau, Odebrecht e Queiroz Galv\u00e3o com contratos de prazo indeterminado. M\u00e9dia de Lucro L\u00edquido de R$ 3,5 milh\u00f5es nos \u00faltimos 4 anos.<br><\/li>\n\n\n\n<li><strong>Capacidade de Execu\u00e7\u00e3o:<\/strong> Opera\u00e7\u00e3o de alta precis\u00e3o com frota t\u00e9cnica especializada e licenciamento completo para cargas superdimensionadas. Possui usina fotovoltaica pr\u00f3pria na sede, garantindo sustentabilidade e redu\u00e7\u00e3o de custos fixos.<br><\/li>\n\n\n\n<li><strong>Tese de Sinergia:<\/strong> Complemento estrat\u00e9gico para grupos de log\u00edstica integrada ou empresas de engenharia pesada que buscam verticalizar o transporte de ativos cr\u00edticos e dominar hubs log\u00edsticos estrat\u00e9gicos (GRU).<br><\/li>\n\n\n\n<li><strong>Diferencial \u00danico \u2013 Barreira de Entrada:<\/strong> Opera\u00e7\u00e3o com alto n\u00edvel de especializa\u00e7\u00e3o t\u00e9cnica e regulat\u00f3ria, dificultando a entrada de novos concorrentes.<br><\/li>\n\n\n\n<li><strong>Local:<\/strong> S\u00e3o Paulo Capital em local extremamente estrat\u00e9gico (Abrang\u00eancia Nacional).<br><\/li>\n\n\n\n<li><strong>Estrutura:<\/strong> 20 Colaboradores | Sede Pr\u00f3pria de 4.800 m\u00b2 (Edif\u00edcio de 2 andares, oficinas e p\u00e1tio) | Frota t\u00e9cnica de 12 caminh\u00f5es e 16 reboques especiais.<br><\/li>\n\n\n\n<li><strong>Valuation:<\/strong> R$ 25 Milh\u00f5es (Baseado em Ativos e Lucratividade).<br><\/li>\n\n\n\n<li><strong>Expectativa de M&amp;A:<\/strong> R$ 25.000.000,00 (Negoci\u00e1veis conforme estrutura de Deal).<\/li>\n<\/ul>\n<\/div>\n\n\n\n<div class=\"wp-block-column is-layout-flow wp-block-column-is-layout-flow\" style=\"flex-basis:25%\"><\/div>\n<\/div>\n\n\n\n<hr class=\"wp-block-separator has-text-color has-contrast-color has-alpha-channel-opacity has-contrast-background-color has-background is-style-wide\" style=\"margin-top:var(--wp--preset--spacing--70);margin-bottom:var(--wp--preset--spacing--70)\"\/>\n\n\n\n<figure class=\"wp-block-gallery has-nested-images columns-4 is-cropped wp-block-gallery-1 is-layout-flex wp-block-gallery-is-layout-flex\" style=\"border-top-left-radius:0px;border-top-right-radius:0px;border-bottom-left-radius:0px;border-bottom-right-radius:0px\">\n<figure class=\"wp-block-image size-full\"><img decoding=\"async\" width=\"960\" height=\"540\" data-id=\"154\" src=\"http:\/\/robertogalliera.com\/wp-content\/uploads\/2026\/04\/pesados1.png\" alt=\"\" class=\"wp-image-154\" style=\"aspect-ratio:1\" srcset=\"https:\/\/robertogalliera.com\/wp-content\/uploads\/2026\/04\/pesados1.png 960w, https:\/\/robertogalliera.com\/wp-content\/uploads\/2026\/04\/pesados1-300x169.png 300w, https:\/\/robertogalliera.com\/wp-content\/uploads\/2026\/04\/pesados1-768x432.png 768w\" sizes=\"(max-width: 960px) 100vw, 960px\" \/><\/figure>\n\n\n\n<figure class=\"wp-block-image size-full\"><img decoding=\"async\" width=\"960\" height=\"540\" data-id=\"155\" src=\"http:\/\/robertogalliera.com\/wp-content\/uploads\/2026\/04\/pesados-2.jpg\" alt=\"\" class=\"wp-image-155\" style=\"aspect-ratio:1\" srcset=\"https:\/\/robertogalliera.com\/wp-content\/uploads\/2026\/04\/pesados-2.jpg 960w, https:\/\/robertogalliera.com\/wp-content\/uploads\/2026\/04\/pesados-2-300x169.jpg 300w, https:\/\/robertogalliera.com\/wp-content\/uploads\/2026\/04\/pesados-2-768x432.jpg 768w\" sizes=\"(max-width: 960px) 100vw, 960px\" \/><\/figure>\n\n\n\n<figure class=\"wp-block-image size-full\"><img decoding=\"async\" width=\"480\" height=\"362\" data-id=\"156\" src=\"http:\/\/robertogalliera.com\/wp-content\/uploads\/2026\/04\/pesados-3.jpg\" alt=\"\" class=\"wp-image-156\" style=\"aspect-ratio:1\" srcset=\"https:\/\/robertogalliera.com\/wp-content\/uploads\/2026\/04\/pesados-3.jpg 480w, https:\/\/robertogalliera.com\/wp-content\/uploads\/2026\/04\/pesados-3-300x226.jpg 300w\" sizes=\"(max-width: 480px) 100vw, 480px\" \/><\/figure>\n\n\n\n<figure class=\"wp-block-image size-full\"><img decoding=\"async\" width=\"254\" height=\"362\" data-id=\"157\" src=\"http:\/\/robertogalliera.com\/wp-content\/uploads\/2026\/04\/pesados-4.jpg\" alt=\"\" class=\"wp-image-157\" style=\"aspect-ratio:1\" srcset=\"https:\/\/robertogalliera.com\/wp-content\/uploads\/2026\/04\/pesados-4.jpg 254w, https:\/\/robertogalliera.com\/wp-content\/uploads\/2026\/04\/pesados-4-210x300.jpg 210w\" sizes=\"(max-width: 254px) 100vw, 254px\" \/><\/figure>\n\n\n\n<figure class=\"wp-block-image size-full\"><img decoding=\"async\" width=\"226\" height=\"362\" data-id=\"158\" src=\"http:\/\/robertogalliera.com\/wp-content\/uploads\/2026\/04\/pesados-5.jpg\" alt=\"\" class=\"wp-image-158\" style=\"aspect-ratio:1\" srcset=\"https:\/\/robertogalliera.com\/wp-content\/uploads\/2026\/04\/pesados-5.jpg 226w, https:\/\/robertogalliera.com\/wp-content\/uploads\/2026\/04\/pesados-5-187x300.jpg 187w\" sizes=\"(max-width: 226px) 100vw, 226px\" \/><\/figure>\n\n\n\n<figure class=\"wp-block-image size-full\"><img decoding=\"async\" width=\"481\" height=\"286\" data-id=\"159\" src=\"http:\/\/robertogalliera.com\/wp-content\/uploads\/2026\/04\/pesados-6.jpg\" alt=\"\" class=\"wp-image-159\" style=\"aspect-ratio:1\" srcset=\"https:\/\/robertogalliera.com\/wp-content\/uploads\/2026\/04\/pesados-6.jpg 481w, https:\/\/robertogalliera.com\/wp-content\/uploads\/2026\/04\/pesados-6-300x178.jpg 300w\" sizes=\"(max-width: 481px) 100vw, 481px\" \/><\/figure>\n\n\n\n<figure class=\"wp-block-image size-full\"><img decoding=\"async\" width=\"369\" height=\"270\" data-id=\"160\" src=\"http:\/\/robertogalliera.com\/wp-content\/uploads\/2026\/04\/pesados-7.jpg\" alt=\"\" class=\"wp-image-160\" style=\"aspect-ratio:1\" srcset=\"https:\/\/robertogalliera.com\/wp-content\/uploads\/2026\/04\/pesados-7.jpg 369w, https:\/\/robertogalliera.com\/wp-content\/uploads\/2026\/04\/pesados-7-300x220.jpg 300w\" sizes=\"(max-width: 369px) 100vw, 369px\" \/><\/figure>\n\n\n\n<figure class=\"wp-block-image size-full\"><img decoding=\"async\" width=\"368\" height=\"270\" data-id=\"161\" src=\"http:\/\/robertogalliera.com\/wp-content\/uploads\/2026\/04\/pesados-8.jpg\" alt=\"\" class=\"wp-image-161\" style=\"aspect-ratio:1\" srcset=\"https:\/\/robertogalliera.com\/wp-content\/uploads\/2026\/04\/pesados-8.jpg 368w, https:\/\/robertogalliera.com\/wp-content\/uploads\/2026\/04\/pesados-8-300x220.jpg 300w\" sizes=\"(max-width: 368px) 100vw, 368px\" \/><\/figure>\n<\/figure>\n","protected":false},"excerpt":{"rendered":"<p>Empresa Transportadora:Log\u00edstica de Pesados Infraestrutura em Movimento e Log\u00edstica de Alta Complexidade. Empresa com 35 anos de mercado, especialista no [&hellip;]<\/p>\n","protected":false},"author":1,"featured_media":0,"parent":0,"menu_order":0,"comment_status":"closed","ping_status":"closed","template":"","meta":{"footnotes":""},"class_list":["post-142","page","type-page","status-publish","hentry"],"_links":{"self":[{"href":"https:\/\/robertogalliera.com\/index.php?rest_route=\/wp\/v2\/pages\/142","targetHints":{"allow":["GET"]}}],"collection":[{"href":"https:\/\/robertogalliera.com\/index.php?rest_route=\/wp\/v2\/pages"}],"about":[{"href":"https:\/\/robertogalliera.com\/index.php?rest_route=\/wp\/v2\/types\/page"}],"author":[{"embeddable":true,"href":"https:\/\/robertogalliera.com\/index.php?rest_route=\/wp\/v2\/users\/1"}],"replies":[{"embeddable":true,"href":"https:\/\/robertogalliera.com\/index.php?rest_route=%2Fwp%2Fv2%2Fcomments&post=142"}],"version-history":[{"count":3,"href":"https:\/\/robertogalliera.com\/index.php?rest_route=\/wp\/v2\/pages\/142\/revisions"}],"predecessor-version":[{"id":162,"href":"https:\/\/robertogalliera.com\/index.php?rest_route=\/wp\/v2\/pages\/142\/revisions\/162"}],"wp:attachment":[{"href":"https:\/\/robertogalliera.com\/index.php?rest_route=%2Fwp%2Fv2%2Fmedia&parent=142"}],"curies":[{"name":"wp","href":"https:\/\/api.w.org\/{rel}","templated":true}]}}