{"id":146,"date":"2026-04-28T20:26:35","date_gmt":"2026-04-28T23:26:35","guid":{"rendered":"http:\/\/robertogalliera.com\/?page_id=146"},"modified":"2026-04-29T21:50:24","modified_gmt":"2026-04-30T00:50:24","slug":"oportunidade-5","status":"publish","type":"page","link":"https:\/\/robertogalliera.com\/?page_id=146","title":{"rendered":"Oportunidade 5"},"content":{"rendered":"\n<figure class=\"wp-block-image aligncenter size-full is-resized has-custom-border is-style-default\"><img decoding=\"async\" width=\"465\" height=\"306\" src=\"http:\/\/robertogalliera.com\/wp-content\/uploads\/2026\/04\/Imagem1.png\" alt=\"\" class=\"wp-image-125\" style=\"border-top-left-radius:10px;border-top-right-radius:10px;border-bottom-left-radius:10px;border-bottom-right-radius:10px;aspect-ratio:1.519634703196347;width:590px;height:auto\" srcset=\"https:\/\/robertogalliera.com\/wp-content\/uploads\/2026\/04\/Imagem1.png 465w, https:\/\/robertogalliera.com\/wp-content\/uploads\/2026\/04\/Imagem1-300x197.png 300w\" sizes=\"(max-width: 465px) 100vw, 465px\" \/><\/figure>\n\n\n\n<h2 class=\"wp-block-heading has-text-align-center has-xx-large-font-size\"><mark style=\"background-color:rgba(0, 0, 0, 0);color:#fff\" class=\"has-inline-color\"><strong>Termas Hotel<\/strong><\/mark><br><strong>Hospitality Asset<\/strong><\/h2>\n\n\n\n<div class=\"wp-block-columns alignfull is-layout-flex wp-container-core-columns-is-layout-28f84493 wp-block-columns-is-layout-flex\">\n<div class=\"wp-block-column is-layout-flow wp-block-column-is-layout-flow\" style=\"flex-basis:25%\"><\/div>\n\n\n\n<div class=\"wp-block-column is-layout-flow wp-block-column-is-layout-flow\" style=\"flex-basis:50%\">\n<p class=\"has-text-align-center has-large-font-size\"><mark style=\"background-color:rgba(0, 0, 0, 0);color:#fff\" class=\"has-inline-color\">O Melhor Investimento em Hotelaria com a 2\u00aa Melhor \u00c1gua Termal do Mundo. \u00danico no Brasil.<\/mark><\/p>\n<\/div>\n\n\n\n<div class=\"wp-block-column is-layout-flow wp-block-column-is-layout-flow\" style=\"flex-basis:25%\"><\/div>\n<\/div>\n\n\n\n<hr class=\"wp-block-separator has-text-color has-contrast-color has-alpha-channel-opacity has-contrast-background-color has-background is-style-wide\" style=\"margin-top:var(--wp--preset--spacing--70);margin-bottom:var(--wp--preset--spacing--70)\"\/>\n\n\n\n<div class=\"wp-block-columns alignfull has-transparent-background-color has-background is-layout-flex wp-container-core-columns-is-layout-28f84493 wp-block-columns-is-layout-flex\">\n<div class=\"wp-block-column is-layout-flow wp-block-column-is-layout-flow\" style=\"flex-basis:25%\"><\/div>\n\n\n\n<div class=\"wp-block-column is-layout-flow wp-block-column-is-layout-flow\" style=\"flex-basis:50%\">\n<p><mark style=\"background-color:rgba(0, 0, 0, 0);color:#fff\" class=\"has-inline-color\">Empreendimento hoteleiro premium em plena opera\u00e7\u00e3o, unindo luxo e bem-estar em uma regi\u00e3o de \u00e1guas termais raras. Ativo \u00fanico que det\u00e9m fonte pr\u00f3pria de \u00e1guas mineral hipertermal (46\u00b0C na fonte), ricas em l\u00edtio e enxofre, com propriedades terap\u00eauticas reconhecidas internacionalmente. Aeroporto pr\u00f3ximo.<\/mark><\/p>\n\n\n\n<ul class=\"wp-block-list has-base-color has-text-color has-link-color wp-elements-ad73c5b720addcf7c1f4dcad1c1ceda9\">\n<li><strong>Opera\u00e7\u00e3o S\u00f3lida:<\/strong> Hist\u00f3rico consolidado de ocupa\u00e7\u00e3o (100% em feriados e datas sazonais) e reputa\u00e7\u00e3o impec\u00e1vel. Com a recente conclus\u00e3o das obras de expans\u00e3o, o ativo atingiu seu \u00e1pice operacional, eliminando riscos de constru\u00e7\u00e3o e garantindo gera\u00e7\u00e3o de caixa imediata.<br><\/li>\n\n\n\n<li><strong>Capacidade de Execu\u00e7\u00e3o:<\/strong> Infraestrutura completa de lazer e hospitalidade: 54 apartamentos de luxo e novos chal\u00e9s privativos, complexo de piscinas internas e externas, banheiras de hidromassagem com \u00e1gua direta da fonte e gastronomia internacional. Opera\u00e7\u00e3o &#8220;turn-key&#8221; com equipe treinada e processos de governan\u00e7a estabelecidos.<br><\/li>\n\n\n\n<li><strong>Tese de Sinergia:<\/strong> Ativo real de alto yield, ideal para Family Offices, Grupos Hoteleiros ou investidores que buscam diversifica\u00e7\u00e3o em Real Estate com potencial para convers\u00e3o em modelo <em>Fractional<\/em> ou expans\u00e3o de unidades residenciais de luxo.<br><\/li>\n\n\n\n<li><strong>Local:<\/strong> Rio Grande do Sul (em cidade com a 2\u00aa melhor \u00e1gua termal do mundo).<br><\/li>\n\n\n\n<li><strong>Estrutura:<\/strong> 94 Aps (66 Acomoda\u00e7\u00f5es Luxo + 7 Chal\u00e9s rec\u00e9m constru\u00eddos, adicionando 28 quartos ao empreendimento) | Complexo Termal Pr\u00f3prio | \u00c1rea Verde Preservada | Estacionamento e Log\u00edstica de Apoio Completa.<br><\/li>\n\n\n\n<li><strong>Infraestrutura:<\/strong> 9 apartamentos com banheira para uma experi\u00eancia termal \u00fanica| Diversas op\u00e7\u00f5es de lazer, como sauna, espa\u00e7o kids, sala de jogos, restaurante, bar na piscina, e piscinas internas e externas, incluindo uma piscina em praia artificial com cascata; 16 salas comerciais dispon\u00edveis para loca\u00e7\u00e3o, ampliando as oportunidades de receita; 4 ofur\u00f4s para banhos termais revitalizantes; Spa com massagem, tratamento de pele e terapia hol\u00edstica revigorante. Possui uma vasta culin\u00e1ria local e internacional, com pratos ex\u00f3ticos e carta de drinks e bebidas. Al\u00e9m disso, possui muitas outras atra\u00e7\u00f5es ao ar livre e na regi\u00e3o, venha conferir este investimento \u00fanico no Brasil !!!<br><\/li>\n\n\n\n<li><strong>Valuation:<\/strong> Ativo Real + Fundo de Com\u00e9rcio (Consultar Advisor).<br><\/li>\n\n\n\n<li><strong>Expectativa de M&amp;A:<\/strong> Sob Consulta (Valor do M&amp;A abaixo do valuation e poder de expans\u00e3o com gera\u00e7\u00e3o de receita imediata).<\/li>\n<\/ul>\n<\/div>\n\n\n\n<div class=\"wp-block-column is-layout-flow wp-block-column-is-layout-flow\" style=\"flex-basis:25%\"><\/div>\n<\/div>\n\n\n\n<hr class=\"wp-block-separator has-text-color has-contrast-color has-alpha-channel-opacity has-contrast-background-color has-background is-style-wide\" style=\"margin-top:var(--wp--preset--spacing--70);margin-bottom:var(--wp--preset--spacing--70)\"\/>\n\n\n\n<figure class=\"wp-block-gallery has-nested-images columns-4 is-cropped wp-block-gallery-1 is-layout-flex wp-block-gallery-is-layout-flex\" style=\"border-top-left-radius:0px;border-top-right-radius:0px;border-bottom-left-radius:0px;border-bottom-right-radius:0px\">\n<figure class=\"wp-block-image size-full\"><img decoding=\"async\" width=\"456\" height=\"251\" data-id=\"168\" src=\"http:\/\/robertogalliera.com\/wp-content\/uploads\/2026\/04\/2.jpg\" alt=\"\" class=\"wp-image-168\" style=\"aspect-ratio:1\" srcset=\"https:\/\/robertogalliera.com\/wp-content\/uploads\/2026\/04\/2.jpg 456w, https:\/\/robertogalliera.com\/wp-content\/uploads\/2026\/04\/2-300x165.jpg 300w\" sizes=\"(max-width: 456px) 100vw, 456px\" \/><\/figure>\n\n\n\n<figure class=\"wp-block-image size-full\"><img decoding=\"async\" width=\"404\" height=\"343\" data-id=\"169\" src=\"http:\/\/robertogalliera.com\/wp-content\/uploads\/2026\/04\/3.jpg\" alt=\"\" class=\"wp-image-169\" style=\"aspect-ratio:1\" srcset=\"https:\/\/robertogalliera.com\/wp-content\/uploads\/2026\/04\/3.jpg 404w, https:\/\/robertogalliera.com\/wp-content\/uploads\/2026\/04\/3-300x255.jpg 300w\" sizes=\"(max-width: 404px) 100vw, 404px\" \/><\/figure>\n\n\n\n<figure class=\"wp-block-image size-full\"><img decoding=\"async\" width=\"420\" height=\"294\" data-id=\"170\" src=\"http:\/\/robertogalliera.com\/wp-content\/uploads\/2026\/04\/4.jpg\" alt=\"\" class=\"wp-image-170\" style=\"aspect-ratio:1\" srcset=\"https:\/\/robertogalliera.com\/wp-content\/uploads\/2026\/04\/4.jpg 420w, https:\/\/robertogalliera.com\/wp-content\/uploads\/2026\/04\/4-300x210.jpg 300w\" sizes=\"(max-width: 420px) 100vw, 420px\" \/><\/figure>\n\n\n\n<figure class=\"wp-block-image size-full\"><img decoding=\"async\" width=\"420\" height=\"286\" data-id=\"171\" src=\"http:\/\/robertogalliera.com\/wp-content\/uploads\/2026\/04\/5.jpg\" alt=\"\" class=\"wp-image-171\" style=\"aspect-ratio:1\" srcset=\"https:\/\/robertogalliera.com\/wp-content\/uploads\/2026\/04\/5.jpg 420w, https:\/\/robertogalliera.com\/wp-content\/uploads\/2026\/04\/5-300x204.jpg 300w\" sizes=\"(max-width: 420px) 100vw, 420px\" \/><\/figure>\n\n\n\n<figure class=\"wp-block-image size-full\"><img decoding=\"async\" width=\"594\" height=\"378\" data-id=\"172\" src=\"http:\/\/robertogalliera.com\/wp-content\/uploads\/2026\/04\/6.jpg\" alt=\"\" class=\"wp-image-172\" style=\"aspect-ratio:1\" srcset=\"https:\/\/robertogalliera.com\/wp-content\/uploads\/2026\/04\/6.jpg 594w, https:\/\/robertogalliera.com\/wp-content\/uploads\/2026\/04\/6-300x191.jpg 300w\" sizes=\"(max-width: 594px) 100vw, 594px\" \/><\/figure>\n\n\n\n<figure class=\"wp-block-image size-full\"><img decoding=\"async\" width=\"452\" height=\"451\" data-id=\"173\" src=\"http:\/\/robertogalliera.com\/wp-content\/uploads\/2026\/04\/7.jpg\" alt=\"\" class=\"wp-image-173\" style=\"aspect-ratio:1\" srcset=\"https:\/\/robertogalliera.com\/wp-content\/uploads\/2026\/04\/7.jpg 452w, https:\/\/robertogalliera.com\/wp-content\/uploads\/2026\/04\/7-300x300.jpg 300w, https:\/\/robertogalliera.com\/wp-content\/uploads\/2026\/04\/7-150x150.jpg 150w\" sizes=\"(max-width: 452px) 100vw, 452px\" \/><\/figure>\n\n\n\n<figure class=\"wp-block-image size-full\"><img decoding=\"async\" width=\"472\" height=\"317\" data-id=\"174\" src=\"http:\/\/robertogalliera.com\/wp-content\/uploads\/2026\/04\/8.jpg\" alt=\"\" class=\"wp-image-174\" style=\"aspect-ratio:1\" srcset=\"https:\/\/robertogalliera.com\/wp-content\/uploads\/2026\/04\/8.jpg 472w, https:\/\/robertogalliera.com\/wp-content\/uploads\/2026\/04\/8-300x201.jpg 300w\" sizes=\"(max-width: 472px) 100vw, 472px\" \/><\/figure>\n\n\n\n<figure class=\"wp-block-image size-full\"><img decoding=\"async\" width=\"469\" height=\"310\" data-id=\"175\" src=\"http:\/\/robertogalliera.com\/wp-content\/uploads\/2026\/04\/9.jpg\" alt=\"\" class=\"wp-image-175\" style=\"aspect-ratio:1\" srcset=\"https:\/\/robertogalliera.com\/wp-content\/uploads\/2026\/04\/9.jpg 469w, https:\/\/robertogalliera.com\/wp-content\/uploads\/2026\/04\/9-300x198.jpg 300w\" sizes=\"(max-width: 469px) 100vw, 469px\" \/><\/figure>\n<\/figure>\n","protected":false},"excerpt":{"rendered":"<p>Termas HotelHospitality Asset O Melhor Investimento em Hotelaria com a 2\u00aa Melhor \u00c1gua Termal do Mundo. \u00danico no Brasil. Empreendimento [&hellip;]<\/p>\n","protected":false},"author":1,"featured_media":0,"parent":0,"menu_order":0,"comment_status":"closed","ping_status":"closed","template":"","meta":{"footnotes":""},"class_list":["post-146","page","type-page","status-publish","hentry"],"_links":{"self":[{"href":"https:\/\/robertogalliera.com\/index.php?rest_route=\/wp\/v2\/pages\/146","targetHints":{"allow":["GET"]}}],"collection":[{"href":"https:\/\/robertogalliera.com\/index.php?rest_route=\/wp\/v2\/pages"}],"about":[{"href":"https:\/\/robertogalliera.com\/index.php?rest_route=\/wp\/v2\/types\/page"}],"author":[{"embeddable":true,"href":"https:\/\/robertogalliera.com\/index.php?rest_route=\/wp\/v2\/users\/1"}],"replies":[{"embeddable":true,"href":"https:\/\/robertogalliera.com\/index.php?rest_route=%2Fwp%2Fv2%2Fcomments&post=146"}],"version-history":[{"count":3,"href":"https:\/\/robertogalliera.com\/index.php?rest_route=\/wp\/v2\/pages\/146\/revisions"}],"predecessor-version":[{"id":197,"href":"https:\/\/robertogalliera.com\/index.php?rest_route=\/wp\/v2\/pages\/146\/revisions\/197"}],"wp:attachment":[{"href":"https:\/\/robertogalliera.com\/index.php?rest_route=%2Fwp%2Fv2%2Fmedia&parent=146"}],"curies":[{"name":"wp","href":"https:\/\/api.w.org\/{rel}","templated":true}]}}