{"id":182,"date":"2026-04-29T08:02:07","date_gmt":"2026-04-29T11:02:07","guid":{"rendered":"http:\/\/robertogalliera.com\/?page_id=182"},"modified":"2026-05-01T00:06:32","modified_gmt":"2026-05-01T03:06:32","slug":"livro","status":"publish","type":"page","link":"https:\/\/robertogalliera.com\/?page_id=182","title":{"rendered":"Livro"},"content":{"rendered":"\n<figure class=\"wp-block-image aligncenter size-full is-resized\"><img decoding=\"async\" width=\"420\" height=\"568\" src=\"http:\/\/robertogalliera.com\/wp-content\/uploads\/2026\/04\/capa_livro_1.png\" alt=\"\" class=\"wp-image-14\" style=\"aspect-ratio:0.7394422310756972;width:310px;height:auto\" srcset=\"https:\/\/robertogalliera.com\/wp-content\/uploads\/2026\/04\/capa_livro_1.png 420w, https:\/\/robertogalliera.com\/wp-content\/uploads\/2026\/04\/capa_livro_1-222x300.png 222w\" sizes=\"(max-width: 420px) 100vw, 420px\" \/><\/figure>\n\n\n\n<h2 class=\"wp-block-heading has-text-align-center has-xx-large-font-size\">O Mestre das Startups<\/h2>\n\n\n\n<h2 class=\"wp-block-heading has-text-align-center has-base-color has-text-color has-link-color has-large-font-size wp-elements-aa6dd713a27411f85eab85d56c8f45e9\">Seja o primeiro a saber: Pr\u00e9-lan\u00e7amento e Noite de Aut\u00f3grafos.<\/h2>\n\n\n\n<p class=\"has-text-align-center has-base-color has-text-color has-link-color wp-elements-cf9fa0526d2b5280fab7bfd07a64c570\">Cadastre seu e-mail para receber o convite oficial e notifica\u00e7\u00f5es exclusivas sobre a disponibilidade da obra impressa e e-book.<\/p>\n\n\n\n<p class=\"has-text-align-center has-base-color has-text-color has-link-color wp-elements-42f7111a681d3e42969e6662a9f7fa21\">Respeitamos sua privacidade: este canal \u00e9 exclusivo para atualiza\u00e7\u00f5es sobre o livro. Sem SPAM.<\/p>\n\n\n\n<div class=\"wp-block-buttons is-layout-flex wp-block-buttons-is-layout-flex\">\n<div class=\"wp-block-button\"><a class=\"wp-block-button__link wp-element-button\" href=\"https:\/\/forms.gle\/6ub8HbxJq7op2ox86\" target=\"_blank\" rel=\"noreferrer noopener\">QUERO ME CADASTRAR<\/a><\/div>\n<\/div>\n","protected":false},"excerpt":{"rendered":"<p>O Mestre das Startups Seja o primeiro a saber: Pr\u00e9-lan\u00e7amento e Noite de Aut\u00f3grafos. Cadastre seu e-mail para receber o [&hellip;]<\/p>\n","protected":false},"author":1,"featured_media":0,"parent":0,"menu_order":0,"comment_status":"closed","ping_status":"closed","template":"","meta":{"footnotes":""},"class_list":["post-182","page","type-page","status-publish","hentry"],"_links":{"self":[{"href":"https:\/\/robertogalliera.com\/index.php?rest_route=\/wp\/v2\/pages\/182","targetHints":{"allow":["GET"]}}],"collection":[{"href":"https:\/\/robertogalliera.com\/index.php?rest_route=\/wp\/v2\/pages"}],"about":[{"href":"https:\/\/robertogalliera.com\/index.php?rest_route=\/wp\/v2\/types\/page"}],"author":[{"embeddable":true,"href":"https:\/\/robertogalliera.com\/index.php?rest_route=\/wp\/v2\/users\/1"}],"replies":[{"embeddable":true,"href":"https:\/\/robertogalliera.com\/index.php?rest_route=%2Fwp%2Fv2%2Fcomments&post=182"}],"version-history":[{"count":7,"href":"https:\/\/robertogalliera.com\/index.php?rest_route=\/wp\/v2\/pages\/182\/revisions"}],"predecessor-version":[{"id":211,"href":"https:\/\/robertogalliera.com\/index.php?rest_route=\/wp\/v2\/pages\/182\/revisions\/211"}],"wp:attachment":[{"href":"https:\/\/robertogalliera.com\/index.php?rest_route=%2Fwp%2Fv2%2Fmedia&parent=182"}],"curies":[{"name":"wp","href":"https:\/\/api.w.org\/{rel}","templated":true}]}}